{"id":149,"date":"2019-02-23T16:32:55","date_gmt":"2019-02-23T16:32:55","guid":{"rendered":"http:\/\/54.218.26.216\/?page_id=149"},"modified":"2022-08-26T12:44:38","modified_gmt":"2022-08-26T17:44:38","slug":"get-involved","status":"publish","type":"page","link":"https:\/\/terrymeza.com\/es\/get-involved\/","title":{"rendered":"Invol\u00facrate"},"content":{"rendered":"<div class=\"wp-block-group alignfull cover-absolute has-image page-heading-background mb-0 mt-0 has-no-padding\"><div class=\"wp-block-group__inner-container is-layout-flow wp-block-group-is-layout-flow\">\n<div class=\"wp-block-cover alignfull is-style-default page-heading-background group-relative mb-0\" style=\"min-height:800px;aspect-ratio:unset;\"><span aria-hidden=\"true\" class=\"wp-block-cover__background has-background-dim-90 has-background-dim wp-block-cover__gradient-background has-background-gradient\" style=\"background:radial-gradient(rgb(255,206,71) 0%,rgb(255,196,31) 69%)\"><\/span><img loading=\"lazy\" decoding=\"async\" width=\"2188\" height=\"1078\" class=\"wp-block-cover__image-background wp-image-1949\" src=\"https:\/\/terrymeza.com\/wp-content\/uploads\/2020\/08\/14425442_10153774731686681_1587585747773059295_o.jpg\" data-object-fit=\"cover\" srcset=\"https:\/\/terrymeza.com\/wp-content\/uploads\/2020\/08\/14425442_10153774731686681_1587585747773059295_o.jpg 2188w, https:\/\/terrymeza.com\/wp-content\/uploads\/2020\/08\/14425442_10153774731686681_1587585747773059295_o-300x148.jpg 300w, https:\/\/terrymeza.com\/wp-content\/uploads\/2020\/08\/14425442_10153774731686681_1587585747773059295_o-1024x505.jpg 1024w, https:\/\/terrymeza.com\/wp-content\/uploads\/2020\/08\/14425442_10153774731686681_1587585747773059295_o-768x378.jpg 768w, https:\/\/terrymeza.com\/wp-content\/uploads\/2020\/08\/14425442_10153774731686681_1587585747773059295_o-1536x757.jpg 1536w, https:\/\/terrymeza.com\/wp-content\/uploads\/2020\/08\/14425442_10153774731686681_1587585747773059295_o-2048x1009.jpg 2048w\" sizes=\"auto, (max-width: 2188px) 100vw, 2188px\" \/><div class=\"wp-block-cover__inner-container is-layout-flow wp-block-cover-is-layout-flow\">\n<p class=\"has-text-align-center has-large-font-size\"><\/p>\n<\/div><\/div>\n\n\n<div class=\"wp-block-coblocks-shape-divider eric-angled is-style-angled mt-0 mb-0\" style=\"color: #efedea; background-color: #efedea;\" aria-hidden=\"true\">\n\t\t\t<div class=\"wp-block-coblocks-shape-divider__svg-wrapper\" style=\"height:100px;\">\n\t\t\t\t<svg class=\"divider--angled\" aria-hidden xmlns=\"http:\/\/www.w3.org\/2000\/svg\" viewbox=\"0 0 100 100\" preserveaspectratio=\"none\"><polygon points=\"0,100 100,0 100,100\" \/><\/svg>\n\t\t\t<\/div>\n\t\t\t<div class=\"wp-block-coblocks-shape-divider__alt-wrapper\" style=\"height:50px;\"><\/div>\n\t\t<\/div><\/div><\/div>\n\n\n\n<div class=\"wp-block-group group-relative z-index-100\"><div class=\"wp-block-group__inner-container is-layout-flow wp-block-group-is-layout-flow\">\n<div class=\"wp-block-group group-relative\"><div class=\"wp-block-group__inner-container is-layout-flow wp-block-group-is-layout-flow\">\n<h1 class=\"has-text-align-center wp-block-heading\" style=\"font-size:86px\"><strong>Invol\u00facrate<\/strong><\/h1>\n<\/div><\/div>\n\n\n\n<h5 class=\"wp-block-heading\">\u00a1A Terry le encantar\u00eda que formaras parte del equipo! Agradecemos cualquier tipo de ayuda y estamos agradecidos por cada contribuci\u00f3n, ya sea escribiendo un cheque, como voluntario o contando a su red local (en persona o en las redes sociales) sobre Terry y c\u00f3mo apoyar\u00e1 a Irving. Por favor, elija c\u00f3mo puede ayudar a continuaci\u00f3n.<\/h5>\n\n\n\n<script type=\"text\/javascript\" src=\"https:\/\/form.jotform.com\/jsform\/222367339979069\"><\/script>\n\n\n\n<div style=\"height:100px\" aria-hidden=\"true\" class=\"wp-block-spacer\"><\/div>\n<\/div><\/div>\n\n\n\n<p><\/p>","protected":false},"excerpt":{"rendered":"<p>Participe \u00a1A Terry le encantar\u00eda que formara parte del equipo! Agradecemos cualquier tipo de ayuda y estamos agradecidos por cada contribuci\u00f3n, ya sea escribiendo un cheque, siendo voluntario o contando a su red local (en persona o en las redes sociales) sobre Terry y c\u00f3mo apoyar\u00e1 a Irving. Por favor, elija c\u00f3mo ...<\/p>\n<p><a href=\"https:\/\/terrymeza.com\/es\/get-involved\/\" class=\"custom-more-link\">Lee mas<\/a><\/p>","protected":false},"author":2,"featured_media":2467,"parent":0,"menu_order":6,"comment_status":"closed","ping_status":"closed","template":"page-no-header.php","meta":{"tfcblocks_gb_metabox":"","_coblocks_attr":"","_coblocks_dimensions":"","_coblocks_responsive_height":"","_coblocks_accordion_ie_support":"","footnotes":""},"class_list":["post-149","page","type-page","status-publish","has-post-thumbnail","hentry"],"yoast_head":"<!-- This site is optimized with the Yoast SEO plugin v25.5 - https:\/\/yoast.com\/wordpress\/plugins\/seo\/ -->\n<title>Get Involved - Terry Meza for Texas House District 105<\/title>\n<meta name=\"description\" content=\"Help Terry Meza fight to build bridges, not walls. Volunteer and get involved in her campaign. Too busy? Ask for a yard sign!\" \/>\n<meta name=\"robots\" content=\"index, follow, max-snippet:-1, max-image-preview:large, max-video-preview:-1\" \/>\n<link rel=\"canonical\" href=\"https:\/\/terrymeza.com\/es\/get-involved\/\" \/>\n<meta property=\"og:locale\" content=\"es_MX\" \/>\n<meta property=\"og:type\" content=\"article\" \/>\n<meta property=\"og:title\" content=\"Get Involved - Terry Meza for Texas House District 105\" \/>\n<meta property=\"og:description\" content=\"Help Terry Meza fight to build bridges, not walls. Volunteer and get involved in her campaign. Too busy? Ask for a yard sign!\" \/>\n<meta property=\"og:url\" content=\"https:\/\/terrymeza.com\/es\/get-involved\/\" \/>\n<meta property=\"og:site_name\" content=\"Terry Meza for Texas House District 105\" \/>\n<meta property=\"article:modified_time\" content=\"2022-08-26T17:44:38+00:00\" \/>\n<meta property=\"og:image\" content=\"https:\/\/terrymeza.com\/wp-content\/uploads\/2020\/08\/terrySocial.jpg\" \/>\n\t<meta property=\"og:image:width\" content=\"1000\" \/>\n\t<meta property=\"og:image:height\" content=\"1000\" \/>\n\t<meta property=\"og:image:type\" content=\"image\/jpeg\" \/>\n<meta name=\"twitter:card\" content=\"summary_large_image\" \/>\n<script type=\"application\/ld+json\" class=\"yoast-schema-graph\">{\"@context\":\"https:\/\/schema.org\",\"@graph\":[{\"@type\":\"WebPage\",\"@id\":\"https:\/\/terrymeza.com\/get-involved\/\",\"url\":\"https:\/\/terrymeza.com\/get-involved\/\",\"name\":\"Get Involved - Terry Meza for Texas House District 105\",\"isPartOf\":{\"@id\":\"https:\/\/terrymeza.com\/#website\"},\"primaryImageOfPage\":{\"@id\":\"https:\/\/terrymeza.com\/get-involved\/#primaryimage\"},\"image\":{\"@id\":\"https:\/\/terrymeza.com\/get-involved\/#primaryimage\"},\"thumbnailUrl\":\"https:\/\/terrymeza.com\/wp-content\/uploads\/2020\/08\/terrySocial.jpg\",\"datePublished\":\"2019-02-23T16:32:55+00:00\",\"dateModified\":\"2022-08-26T17:44:38+00:00\",\"description\":\"Help Terry Meza fight to build bridges, not walls. Volunteer and get involved in her campaign. Too busy? Ask for a yard sign!\",\"breadcrumb\":{\"@id\":\"https:\/\/terrymeza.com\/get-involved\/#breadcrumb\"},\"inLanguage\":\"es\",\"potentialAction\":[{\"@type\":\"ReadAction\",\"target\":[\"https:\/\/terrymeza.com\/get-involved\/\"]}]},{\"@type\":\"ImageObject\",\"inLanguage\":\"es\",\"@id\":\"https:\/\/terrymeza.com\/get-involved\/#primaryimage\",\"url\":\"https:\/\/terrymeza.com\/wp-content\/uploads\/2020\/08\/terrySocial.jpg\",\"contentUrl\":\"https:\/\/terrymeza.com\/wp-content\/uploads\/2020\/08\/terrySocial.jpg\",\"width\":1000,\"height\":1000},{\"@type\":\"BreadcrumbList\",\"@id\":\"https:\/\/terrymeza.com\/get-involved\/#breadcrumb\",\"itemListElement\":[{\"@type\":\"ListItem\",\"position\":1,\"name\":\"Home\",\"item\":\"https:\/\/terrymeza.com\/\"},{\"@type\":\"ListItem\",\"position\":2,\"name\":\"Get Involved\"}]},{\"@type\":\"WebSite\",\"@id\":\"https:\/\/terrymeza.com\/#website\",\"url\":\"https:\/\/terrymeza.com\/\",\"name\":\"Terry Meza for Texas\",\"description\":\"\",\"potentialAction\":[{\"@type\":\"SearchAction\",\"target\":{\"@type\":\"EntryPoint\",\"urlTemplate\":\"https:\/\/terrymeza.com\/?s={search_term_string}\"},\"query-input\":{\"@type\":\"PropertyValueSpecification\",\"valueRequired\":true,\"valueName\":\"search_term_string\"}}],\"inLanguage\":\"es\"}]}<\/script>\n<!-- \/ Yoast SEO plugin. -->","yoast_head_json":{"title":"Get Involved - Terry Meza for Texas House District 105","description":"Help Terry Meza fight to build bridges, not walls. Volunteer and get involved in her campaign. Too busy? Ask for a yard sign!","robots":{"index":"index","follow":"follow","max-snippet":"max-snippet:-1","max-image-preview":"max-image-preview:large","max-video-preview":"max-video-preview:-1"},"canonical":"https:\/\/terrymeza.com\/es\/get-involved\/","og_locale":"es_MX","og_type":"article","og_title":"Get Involved - Terry Meza for Texas House District 105","og_description":"Help Terry Meza fight to build bridges, not walls. Volunteer and get involved in her campaign. Too busy? Ask for a yard sign!","og_url":"https:\/\/terrymeza.com\/es\/get-involved\/","og_site_name":"Terry Meza for Texas House District 105","article_modified_time":"2022-08-26T17:44:38+00:00","og_image":[{"width":1000,"height":1000,"url":"https:\/\/terrymeza.com\/wp-content\/uploads\/2020\/08\/terrySocial.jpg","type":"image\/jpeg"}],"twitter_card":"summary_large_image","schema":{"@context":"https:\/\/schema.org","@graph":[{"@type":"WebPage","@id":"https:\/\/terrymeza.com\/get-involved\/","url":"https:\/\/terrymeza.com\/get-involved\/","name":"Get Involved - Terry Meza for Texas House District 105","isPartOf":{"@id":"https:\/\/terrymeza.com\/#website"},"primaryImageOfPage":{"@id":"https:\/\/terrymeza.com\/get-involved\/#primaryimage"},"image":{"@id":"https:\/\/terrymeza.com\/get-involved\/#primaryimage"},"thumbnailUrl":"https:\/\/terrymeza.com\/wp-content\/uploads\/2020\/08\/terrySocial.jpg","datePublished":"2019-02-23T16:32:55+00:00","dateModified":"2022-08-26T17:44:38+00:00","description":"Help Terry Meza fight to build bridges, not walls. Volunteer and get involved in her campaign. Too busy? Ask for a yard sign!","breadcrumb":{"@id":"https:\/\/terrymeza.com\/get-involved\/#breadcrumb"},"inLanguage":"es","potentialAction":[{"@type":"ReadAction","target":["https:\/\/terrymeza.com\/get-involved\/"]}]},{"@type":"ImageObject","inLanguage":"es","@id":"https:\/\/terrymeza.com\/get-involved\/#primaryimage","url":"https:\/\/terrymeza.com\/wp-content\/uploads\/2020\/08\/terrySocial.jpg","contentUrl":"https:\/\/terrymeza.com\/wp-content\/uploads\/2020\/08\/terrySocial.jpg","width":1000,"height":1000},{"@type":"BreadcrumbList","@id":"https:\/\/terrymeza.com\/get-involved\/#breadcrumb","itemListElement":[{"@type":"ListItem","position":1,"name":"Home","item":"https:\/\/terrymeza.com\/"},{"@type":"ListItem","position":2,"name":"Get Involved"}]},{"@type":"WebSite","@id":"https:\/\/terrymeza.com\/#website","url":"https:\/\/terrymeza.com\/","name":"Terry Meza for Texas","description":"","potentialAction":[{"@type":"SearchAction","target":{"@type":"EntryPoint","urlTemplate":"https:\/\/terrymeza.com\/?s={search_term_string}"},"query-input":{"@type":"PropertyValueSpecification","valueRequired":true,"valueName":"search_term_string"}}],"inLanguage":"es"}]}},"jetpack_sharing_enabled":true,"_links":{"self":[{"href":"https:\/\/terrymeza.com\/es\/wp-json\/wp\/v2\/pages\/149","targetHints":{"allow":["GET"]}}],"collection":[{"href":"https:\/\/terrymeza.com\/es\/wp-json\/wp\/v2\/pages"}],"about":[{"href":"https:\/\/terrymeza.com\/es\/wp-json\/wp\/v2\/types\/page"}],"author":[{"embeddable":true,"href":"https:\/\/terrymeza.com\/es\/wp-json\/wp\/v2\/users\/2"}],"replies":[{"embeddable":true,"href":"https:\/\/terrymeza.com\/es\/wp-json\/wp\/v2\/comments?post=149"}],"version-history":[{"count":0,"href":"https:\/\/terrymeza.com\/es\/wp-json\/wp\/v2\/pages\/149\/revisions"}],"wp:featuredmedia":[{"embeddable":true,"href":"https:\/\/terrymeza.com\/es\/wp-json\/wp\/v2\/media\/2467"}],"wp:attachment":[{"href":"https:\/\/terrymeza.com\/es\/wp-json\/wp\/v2\/media?parent=149"}],"curies":[{"name":"wp","href":"https:\/\/api.w.org\/{rel}","templated":true}]}}